{"id":50,"date":"2026-04-30T18:48:39","date_gmt":"2026-04-30T16:48:39","guid":{"rendered":"https:\/\/trentogether.it\/?page_id=50"},"modified":"2026-05-03T22:39:17","modified_gmt":"2026-05-03T20:39:17","slug":"musica-e-concerti","status":"publish","type":"page","link":"https:\/\/trentogether.it\/musica-e-concerti\/","title":{"rendered":"Musica e Concerti \ud83c\udfb6"},"content":{"rendered":"\n<p>Benvenuti nel cuore pulsante di TN2G: Musica &amp; Concerti.<\/p>\n\n\n\n<p>Questo \u00e8 il quartier generale per chi vive a ritmo di musica, concerti, festival, playlist e trasferte. Qui si condividono eventi imperdibili, si organizzano macchinate, si pianificano pre-serate e si scoprono nuovi artisti insieme. Dal piccolo live locale ai grandi festival fuori regione, questo gruppo unisce chi considera la musica non solo intrattenimento, ma esperienza collettiva. Ogni genere \u00e8 il benvenuto: ci\u00f2 che conta davvero \u00e8 la voglia di esserci, condividere energia e vivere ogni evento al massimo.<\/p>\n\n\n\n<figure class=\"wp-block-image size-large\"><img loading=\"lazy\" decoding=\"async\" width=\"1024\" height=\"682\" src=\"https:\/\/trentogether.it\/wp-content\/uploads\/2026\/05\/image-4-1024x682.png\" alt=\"\" class=\"wp-image-164\" srcset=\"https:\/\/trentogether.it\/wp-content\/uploads\/2026\/05\/image-4-1024x682.png 1024w, https:\/\/trentogether.it\/wp-content\/uploads\/2026\/05\/image-4-300x200.png 300w, https:\/\/trentogether.it\/wp-content\/uploads\/2026\/05\/image-4-768x512.png 768w, https:\/\/trentogether.it\/wp-content\/uploads\/2026\/05\/image-4.png 1280w\" sizes=\"auto, (max-width: 1024px) 100vw, 1024px\" \/><\/figure>\n\n\n\n<p><\/p>\n\n\n\n<p><\/p>\n","protected":false},"excerpt":{"rendered":"<p>Benvenuti nel cuore pulsante di TN2G: Musica &amp; Concerti. Questo \u00e8 il quartier generale per chi vive a ritmo di musica, concerti, festival, playlist e trasferte. Qui si condividono eventi imperdibili, si organizzano macchinate, si pianificano pre-serate e si scoprono nuovi artisti insieme. Dal piccolo live locale ai grandi festival fuori regione, questo gruppo unisce [&hellip;]<\/p>\n","protected":false},"author":1,"featured_media":0,"parent":0,"menu_order":0,"comment_status":"closed","ping_status":"closed","template":"","meta":{"footnotes":""},"class_list":["post-50","page","type-page","status-publish","hentry"],"_links":{"self":[{"href":"https:\/\/trentogether.it\/wp-json\/wp\/v2\/pages\/50","targetHints":{"allow":["GET"]}}],"collection":[{"href":"https:\/\/trentogether.it\/wp-json\/wp\/v2\/pages"}],"about":[{"href":"https:\/\/trentogether.it\/wp-json\/wp\/v2\/types\/page"}],"author":[{"embeddable":true,"href":"https:\/\/trentogether.it\/wp-json\/wp\/v2\/users\/1"}],"replies":[{"embeddable":true,"href":"https:\/\/trentogether.it\/wp-json\/wp\/v2\/comments?post=50"}],"version-history":[{"count":4,"href":"https:\/\/trentogether.it\/wp-json\/wp\/v2\/pages\/50\/revisions"}],"predecessor-version":[{"id":165,"href":"https:\/\/trentogether.it\/wp-json\/wp\/v2\/pages\/50\/revisions\/165"}],"wp:attachment":[{"href":"https:\/\/trentogether.it\/wp-json\/wp\/v2\/media?parent=50"}],"curies":[{"name":"wp","href":"https:\/\/api.w.org\/{rel}","templated":true}]}}